{"id":2116,"date":"2019-01-08T12:30:37","date_gmt":"2019-01-08T10:30:37","guid":{"rendered":"https:\/\/newsite.skiathosfinecars.com\/%cf%80%ce%bf%ce%bb%ce%b9%cf%84%ce%b9%ce%ba%ce%ae-%ce%b1%cf%80%ce%bf%cf%81%cf%81%ce%ae%cf%84%ce%bf%cf%85\/"},"modified":"2022-09-26T17:06:04","modified_gmt":"2022-09-26T14:06:04","slug":"politica-sulla-riservatezza","status":"publish","type":"page","link":"https:\/\/skiathosfinecars.com\/it\/politica-sulla-riservatezza\/","title":{"rendered":"POLITICA SULLA RISERVATEZZA"},"content":{"rendered":"\t\t<div data-elementor-type=\"wp-post\" data-elementor-id=\"2116\" class=\"elementor elementor-2116 elementor-66\">\n\t\t\t\t\t\t<section class=\"elementor-section elementor-top-section elementor-element elementor-element-21194cf elementor-section-boxed elementor-section-height-default elementor-section-height-default\" data-id=\"21194cf\" data-element_type=\"section\">\n\t\t\t\t\t\t<div class=\"elementor-container elementor-column-gap-extended\">\n\t\t\t\t\t<div class=\"elementor-column elementor-col-100 elementor-top-column elementor-element elementor-element-55d0c01 sc_inner_width_none sc_content_align_inherit sc_layouts_column_icons_position_left\" data-id=\"55d0c01\" data-element_type=\"column\">\n\t\t\t<div class=\"elementor-widget-wrap elementor-element-populated\">\n\t\t\t\t\t\t<div class=\"elementor-element elementor-element-e1f9118 sc_fly_static elementor-widget elementor-widget-spacer\" data-id=\"e1f9118\" data-element_type=\"widget\" data-widget_type=\"spacer.default\">\n\t\t\t\t<div class=\"elementor-widget-container\">\n\t\t\t\t\t\t\t<div class=\"elementor-spacer\">\n\t\t\t<div class=\"elementor-spacer-inner\"><\/div>\n\t\t<\/div>\n\t\t\t\t\t\t<\/div>\n\t\t\t\t<\/div>\n\t\t\t\t\t<\/div>\n\t\t<\/div>\n\t\t\t\t\t<\/div>\n\t\t<\/section>\n\t\t\t\t<section class=\"elementor-section elementor-top-section elementor-element elementor-element-62a4d9b1 elementor-section-boxed elementor-section-height-default elementor-section-height-default\" data-id=\"62a4d9b1\" data-element_type=\"section\" data-settings=\"{&quot;background_background&quot;:&quot;classic&quot;}\">\n\t\t\t\t\t\t<div class=\"elementor-container elementor-column-gap-extended\">\n\t\t\t\t\t<div class=\"elementor-column elementor-col-100 elementor-top-column elementor-element elementor-element-b201eb4 sc_inner_width_none sc_content_align_inherit sc_layouts_column_icons_position_left\" data-id=\"b201eb4\" data-element_type=\"column\">\n\t\t\t<div class=\"elementor-widget-wrap elementor-element-populated\">\n\t\t\t\t\t\t<div class=\"elementor-element elementor-element-111d9fe5 sc_fly_static elementor-widget elementor-widget-spacer\" data-id=\"111d9fe5\" data-element_type=\"widget\" data-widget_type=\"spacer.default\">\n\t\t\t\t<div class=\"elementor-widget-container\">\n\t\t\t\t\t\t\t<div class=\"elementor-spacer\">\n\t\t\t<div class=\"elementor-spacer-inner\"><\/div>\n\t\t<\/div>\n\t\t\t\t\t\t<\/div>\n\t\t\t\t<\/div>\n\t\t\t\t<div class=\"elementor-element elementor-element-19543589 sc_fly_static elementor-widget elementor-widget-text-editor\" data-id=\"19543589\" data-element_type=\"widget\" data-widget_type=\"text-editor.default\">\n\t\t\t\t<div class=\"elementor-widget-container\">\n\t\t\t\t\t\t\t\t\t<h5>Chi siamo<\/h5><p>Nostro sito web: <a href=\"https:\/\/www.skiathosfinecars.com\/\">https:\/\/www.skiathosfinecars.com<\/a>.<\/p>\t\t\t\t\t\t\t\t<\/div>\n\t\t\t\t<\/div>\n\t\t\t\t<div class=\"elementor-element elementor-element-610aea52 sc_fly_static elementor-widget elementor-widget-spacer\" data-id=\"610aea52\" data-element_type=\"widget\" data-widget_type=\"spacer.default\">\n\t\t\t\t<div class=\"elementor-widget-container\">\n\t\t\t\t\t\t\t<div class=\"elementor-spacer\">\n\t\t\t<div class=\"elementor-spacer-inner\"><\/div>\n\t\t<\/div>\n\t\t\t\t\t\t<\/div>\n\t\t\t\t<\/div>\n\t\t\t\t\t<\/div>\n\t\t<\/div>\n\t\t\t\t\t<\/div>\n\t\t<\/section>\n\t\t\t\t<section class=\"elementor-section elementor-top-section elementor-element elementor-element-6ad7dd4b elementor-section-boxed elementor-section-height-default elementor-section-height-default\" data-id=\"6ad7dd4b\" data-element_type=\"section\">\n\t\t\t\t\t\t<div class=\"elementor-container elementor-column-gap-extended\">\n\t\t\t\t\t<div class=\"elementor-column elementor-col-100 elementor-top-column elementor-element elementor-element-596b071f sc_inner_width_none sc_content_align_inherit sc_layouts_column_icons_position_left\" data-id=\"596b071f\" data-element_type=\"column\">\n\t\t\t<div class=\"elementor-widget-wrap elementor-element-populated\">\n\t\t\t\t\t\t<div class=\"elementor-element elementor-element-4be38 sc_fly_static elementor-widget elementor-widget-spacer\" data-id=\"4be38\" data-element_type=\"widget\" data-widget_type=\"spacer.default\">\n\t\t\t\t<div class=\"elementor-widget-container\">\n\t\t\t\t\t\t\t<div class=\"elementor-spacer\">\n\t\t\t<div class=\"elementor-spacer-inner\"><\/div>\n\t\t<\/div>\n\t\t\t\t\t\t<\/div>\n\t\t\t\t<\/div>\n\t\t\t\t\t<\/div>\n\t\t<\/div>\n\t\t\t\t\t<\/div>\n\t\t<\/section>\n\t\t\t\t<section class=\"elementor-section elementor-top-section elementor-element elementor-element-15ee7252 elementor-section-boxed elementor-section-height-default elementor-section-height-default\" data-id=\"15ee7252\" data-element_type=\"section\" data-settings=\"{&quot;background_background&quot;:&quot;classic&quot;}\">\n\t\t\t\t\t\t<div class=\"elementor-container elementor-column-gap-extended\">\n\t\t\t\t\t<div class=\"elementor-column elementor-col-100 elementor-top-column elementor-element elementor-element-362f6888 sc_inner_width_none sc_content_align_inherit sc_layouts_column_icons_position_left\" data-id=\"362f6888\" data-element_type=\"column\">\n\t\t\t<div class=\"elementor-widget-wrap elementor-element-populated\">\n\t\t\t\t\t\t<div class=\"elementor-element elementor-element-7c8ac86 sc_fly_static elementor-widget elementor-widget-spacer\" data-id=\"7c8ac86\" data-element_type=\"widget\" data-widget_type=\"spacer.default\">\n\t\t\t\t<div class=\"elementor-widget-container\">\n\t\t\t\t\t\t\t<div class=\"elementor-spacer\">\n\t\t\t<div class=\"elementor-spacer-inner\"><\/div>\n\t\t<\/div>\n\t\t\t\t\t\t<\/div>\n\t\t\t\t<\/div>\n\t\t\t\t<div class=\"elementor-element elementor-element-37ffd7d2 sc_fly_static elementor-widget elementor-widget-text-editor\" data-id=\"37ffd7d2\" data-element_type=\"widget\" data-widget_type=\"text-editor.default\">\n\t\t\t\t<div class=\"elementor-widget-container\">\n\t\t\t\t\t\t\t\t\t<h3>Quali dati personali raccogliamo e perch\u00e9<\/h3><h5><span style=\"font-size: 21.3328px;\">Commenti<\/span><\/h5><p>Quado i visitatori lasciano commenti nel nostro sito web, raccogliamo i dati che compaiono nel modulo di commento, l\u2019indirizzo IP del visitatore e la stringa del browser dell\u2019utente per aiutare e rilevare i messagi indesiderati.<\/p><p>Una stringa anonima create dal vostro indirizzo e-mail (conosciuto anche come \u00abhash\u00bb) pu\u00f2 essere fornito al servizio Gravatar per verificare se lo si utilizzate. La politica sulla riservatezza di servizio Gravatar \u00e8 disponibile qui: https:\/\/automattic.com\/privacy\/. Dopo l\u2019approvazione del vostro commento, la vostra immagine del profilo sar\u00e0 visibile al pubblico all\u2019interno del vostro commento.<\/p><h6>Multimedia<\/h6><p>Se caricate immagini nel sito web, dovete evitare di caricare immagini con dati della localizazzione incorporate (EXIF GPS). I visitatori del sito web possono caricare o esportare qualsiasi dati della localizazzione dale immagini del sito web.<\/p><h6>Cookies<\/h6><p>Se vi lasciate un commento nel nostro sito web, \u00e8 possibile scegliere e memorizzare il nome, l\u2019indirizzo e-mail e il sito web sotto forma di cookie. Questo succede per la vostra comodit\u00e0 quindi non dovete pi\u00f9 compilare i vostri dati quando lasciate un altro commento. Questi cookie dureranno per un anno. Se vi disposete un account nel sito web e si effectuate l\u2019accesso, verr\u00e0 creato un cookie di prenotazione per consentirci di determinare se il browser accetta i cookie. Il cookie non include i dati personali e viene eliminato subito dopo la chiusura del browser. Quando accedete, diversi cookies verranno creati per memorizzare le informazioni di connessione e le opzioni dello schermo. I cookies dell\u2019entrata durano per due giorni e i cookies degli opzioni dello schermo durano per un anno. Se vi segliete \u00ab Voglio ricordarmi\u00bb, la connessione rimarr\u00e0 per due settimane. Se vi disconoscete il proprio account, i cookie di connessione verranno aboliti. Se modificate o pubblicate un articolo un altro cookie verr\u00e0 memorizzato nel browser. Questo cookie non include dati personali e indica simplicemente il post ID del\u2019articolo che avete appena modificato e scade dopo un giorno.<\/p><h6>Contenuto incorporato da altri siti web.<br \/><br \/><span style=\"color: #8e8997;\"><span style=\"font-size: 18px; letter-spacing: -0.18px;\">Gli articoli nel questo sito web possono includere contenuto incorporato (comme video, immagini, articoli ecc.). Il conenuto incorporato da altri siti web si comporta nello stesso esatto modo comme il visitatore ha visitato l\u2019altro sito. <br \/><br \/>Questi siti web possono raccogliere dati per voi, usare cookies, incastrare inseguimento dal terzo e monitorare la vostra interazione con questo contenuto, incluso il rilevamento della vostra interazione con il contenuto qui \u00e8 contenuto, se avete un account e siete collegati a quel sito.<\/span><\/span><\/h6><h6>Per quanto tempo manterremo i vostri dati<\/h6><p>Se vi lasciate un commento, il commento e i suoi meta dati sar\u00e0 mantenuto indefinitamente. Ci\u00f2 accade per consentirci di riconoscere e approvare automaticamente i seguenti commenti anzich\u00e9 tenerli in una coda di coordinamento. Per gli utenti che accedono al nostro sito web, memorizziamo tutti i dati personali registrati nel loro profilo utente. Tutti gli utenti possono vedere, modificare o cancellare i propri dati personali in qualsiasi momento (a parte cambiare i loro nomi utente). Gli amministratori di questo sito web possono vedere e modificare tali informazioni.<\/p><h6>Quali sono i vostri diritti sui vostri dati<\/h6><p>Se avete un account su questo sito web o avete lasciato commenti, potete chiedere di ricevere un file di esportazione dei dati personali che conserviamo su di voi, compresi i dati che ci avete fornito. Puoi anche chiederci di cancellare i dati personali che manteniamo per voi. Questo non include i dati che siamo obbligati a mantenere per ragioni amministrative, legali o di sicurezza.<\/p><h6>Dove invieremo i vostri dati<\/h6><p>I commenti dei visitatori possono essere controllati attraverso un sistema di posta indesiderata automatizzato.<\/p><p>\u00a0<\/p>\t\t\t\t\t\t\t\t<\/div>\n\t\t\t\t<\/div>\n\t\t\t\t<div class=\"elementor-element elementor-element-59cebfc7 sc_fly_static elementor-widget elementor-widget-spacer\" data-id=\"59cebfc7\" data-element_type=\"widget\" data-widget_type=\"spacer.default\">\n\t\t\t\t<div class=\"elementor-widget-container\">\n\t\t\t\t\t\t\t<div class=\"elementor-spacer\">\n\t\t\t<div class=\"elementor-spacer-inner\"><\/div>\n\t\t<\/div>\n\t\t\t\t\t\t<\/div>\n\t\t\t\t<\/div>\n\t\t\t\t\t<\/div>\n\t\t<\/div>\n\t\t\t\t\t<\/div>\n\t\t<\/section>\n\t\t\t\t<section class=\"elementor-section elementor-top-section elementor-element elementor-element-d823fac elementor-section-boxed elementor-section-height-default elementor-section-height-default\" data-id=\"d823fac\" data-element_type=\"section\">\n\t\t\t\t\t\t<div class=\"elementor-container elementor-column-gap-extended\">\n\t\t\t\t\t<div class=\"elementor-column elementor-col-100 elementor-top-column elementor-element elementor-element-3ad3a80 sc_inner_width_none sc_content_align_inherit sc_layouts_column_icons_position_left\" data-id=\"3ad3a80\" data-element_type=\"column\">\n\t\t\t<div class=\"elementor-widget-wrap elementor-element-populated\">\n\t\t\t\t\t\t<div class=\"elementor-element elementor-element-d711cb1 sc_fly_static elementor-widget elementor-widget-spacer\" data-id=\"d711cb1\" data-element_type=\"widget\" data-widget_type=\"spacer.default\">\n\t\t\t\t<div class=\"elementor-widget-container\">\n\t\t\t\t\t\t\t<div class=\"elementor-spacer\">\n\t\t\t<div class=\"elementor-spacer-inner\"><\/div>\n\t\t<\/div>\n\t\t\t\t\t\t<\/div>\n\t\t\t\t<\/div>\n\t\t\t\t\t<\/div>\n\t\t<\/div>\n\t\t\t\t\t<\/div>\n\t\t<\/section>\n\t\t\t\t<\/div>\n\t\t","protected":false},"excerpt":{"rendered":"<p>Chi siamo Nostro sito web: https:\/\/www.skiathosfinecars.com. Quali dati personali raccogliamo e perch\u00e9 Commenti Quado i visitatori lasciano commenti nel nostro sito web, raccogliamo i dati che compaiono nel modulo di commento, l\u2019indirizzo&hellip;<\/p>\n","protected":false},"author":1,"featured_media":0,"parent":0,"menu_order":0,"comment_status":"closed","ping_status":"closed","template":"","meta":{"_monsterinsights_skip_tracking":false,"_monsterinsights_sitenote_active":false,"_monsterinsights_sitenote_note":"","_monsterinsights_sitenote_category":0,"footnotes":""},"class_list":["post-2116","page","type-page","status-publish","hentry"],"yoast_head":"<!-- This site is optimized with the Yoast SEO plugin v25.9 - https:\/\/yoast.com\/wordpress\/plugins\/seo\/ -->\n<title>POLITICA SULLA RISERVATEZZA - Skiathos Fine Cars<\/title>\n<meta name=\"robots\" content=\"index, follow, max-snippet:-1, max-image-preview:large, max-video-preview:-1\" \/>\n<link rel=\"canonical\" href=\"https:\/\/skiathosfinecars.com\/it\/politica-sulla-riservatezza\/\" \/>\n<meta property=\"og:locale\" content=\"it_IT\" \/>\n<meta property=\"og:type\" content=\"article\" \/>\n<meta property=\"og:title\" content=\"POLITICA SULLA RISERVATEZZA - Skiathos Fine Cars\" \/>\n<meta property=\"og:description\" content=\"Chi siamo Nostro sito web: https:\/\/www.skiathosfinecars.com. Quali dati personali raccogliamo e perch\u00e9 Commenti Quado i visitatori lasciano commenti nel nostro sito web, raccogliamo i dati che compaiono nel modulo di commento, l\u2019indirizzo&hellip;\" \/>\n<meta property=\"og:url\" content=\"https:\/\/skiathosfinecars.com\/it\/politica-sulla-riservatezza\/\" \/>\n<meta property=\"og:site_name\" content=\"Skiathos Fine Cars\" \/>\n<meta property=\"article:modified_time\" content=\"2022-09-26T14:06:04+00:00\" \/>\n<meta name=\"twitter:card\" content=\"summary_large_image\" \/>\n<meta name=\"twitter:label1\" content=\"Tempo di lettura stimato\" \/>\n\t<meta name=\"twitter:data1\" content=\"3 minuti\" \/>\n<script type=\"application\/ld+json\" class=\"yoast-schema-graph\">{\"@context\":\"https:\/\/schema.org\",\"@graph\":[{\"@type\":\"WebPage\",\"@id\":\"https:\/\/skiathosfinecars.com\/it\/politica-sulla-riservatezza\/\",\"url\":\"https:\/\/skiathosfinecars.com\/it\/politica-sulla-riservatezza\/\",\"name\":\"POLITICA SULLA RISERVATEZZA - Skiathos Fine Cars\",\"isPartOf\":{\"@id\":\"https:\/\/skiathosfinecars.com\/en\/#website\"},\"datePublished\":\"2019-01-08T10:30:37+00:00\",\"dateModified\":\"2022-09-26T14:06:04+00:00\",\"breadcrumb\":{\"@id\":\"https:\/\/skiathosfinecars.com\/it\/politica-sulla-riservatezza\/#breadcrumb\"},\"inLanguage\":\"it-IT\",\"potentialAction\":[{\"@type\":\"ReadAction\",\"target\":[\"https:\/\/skiathosfinecars.com\/it\/politica-sulla-riservatezza\/\"]}]},{\"@type\":\"BreadcrumbList\",\"@id\":\"https:\/\/skiathosfinecars.com\/it\/politica-sulla-riservatezza\/#breadcrumb\",\"itemListElement\":[{\"@type\":\"ListItem\",\"position\":1,\"name\":\"\u0391\u03c1\u03c7\u03b9\u03ba\u03ae\",\"item\":\"https:\/\/skiathosfinecars.com\/\"},{\"@type\":\"ListItem\",\"position\":2,\"name\":\"POLITICA SULLA RISERVATEZZA\"}]},{\"@type\":\"WebSite\",\"@id\":\"https:\/\/skiathosfinecars.com\/en\/#website\",\"url\":\"https:\/\/skiathosfinecars.com\/en\/\",\"name\":\"Skiathos Fine Cars\",\"description\":\"Rent a car\",\"publisher\":{\"@id\":\"https:\/\/skiathosfinecars.com\/en\/#organization\"},\"potentialAction\":[{\"@type\":\"SearchAction\",\"target\":{\"@type\":\"EntryPoint\",\"urlTemplate\":\"https:\/\/skiathosfinecars.com\/en\/?s={search_term_string}\"},\"query-input\":{\"@type\":\"PropertyValueSpecification\",\"valueRequired\":true,\"valueName\":\"search_term_string\"}}],\"inLanguage\":\"it-IT\"},{\"@type\":\"Organization\",\"@id\":\"https:\/\/skiathosfinecars.com\/en\/#organization\",\"name\":\"Skiathos Fine Cars\",\"url\":\"https:\/\/skiathosfinecars.com\/en\/\",\"logo\":{\"@type\":\"ImageObject\",\"inLanguage\":\"it-IT\",\"@id\":\"https:\/\/skiathosfinecars.com\/en\/#\/schema\/logo\/image\/\",\"url\":\"https:\/\/skiathosfinecars.com\/wp-content\/uploads\/2022\/04\/logo.png\",\"contentUrl\":\"https:\/\/skiathosfinecars.com\/wp-content\/uploads\/2022\/04\/logo.png\",\"width\":250,\"height\":167,\"caption\":\"Skiathos Fine Cars\"},\"image\":{\"@id\":\"https:\/\/skiathosfinecars.com\/en\/#\/schema\/logo\/image\/\"}}]}<\/script>\n<!-- \/ Yoast SEO plugin. -->","yoast_head_json":{"title":"POLITICA SULLA RISERVATEZZA - Skiathos Fine Cars","robots":{"index":"index","follow":"follow","max-snippet":"max-snippet:-1","max-image-preview":"max-image-preview:large","max-video-preview":"max-video-preview:-1"},"canonical":"https:\/\/skiathosfinecars.com\/it\/politica-sulla-riservatezza\/","og_locale":"it_IT","og_type":"article","og_title":"POLITICA SULLA RISERVATEZZA - Skiathos Fine Cars","og_description":"Chi siamo Nostro sito web: https:\/\/www.skiathosfinecars.com. Quali dati personali raccogliamo e perch\u00e9 Commenti Quado i visitatori lasciano commenti nel nostro sito web, raccogliamo i dati che compaiono nel modulo di commento, l\u2019indirizzo&hellip;","og_url":"https:\/\/skiathosfinecars.com\/it\/politica-sulla-riservatezza\/","og_site_name":"Skiathos Fine Cars","article_modified_time":"2022-09-26T14:06:04+00:00","twitter_card":"summary_large_image","twitter_misc":{"Tempo di lettura stimato":"3 minuti"},"schema":{"@context":"https:\/\/schema.org","@graph":[{"@type":"WebPage","@id":"https:\/\/skiathosfinecars.com\/it\/politica-sulla-riservatezza\/","url":"https:\/\/skiathosfinecars.com\/it\/politica-sulla-riservatezza\/","name":"POLITICA SULLA RISERVATEZZA - Skiathos Fine Cars","isPartOf":{"@id":"https:\/\/skiathosfinecars.com\/en\/#website"},"datePublished":"2019-01-08T10:30:37+00:00","dateModified":"2022-09-26T14:06:04+00:00","breadcrumb":{"@id":"https:\/\/skiathosfinecars.com\/it\/politica-sulla-riservatezza\/#breadcrumb"},"inLanguage":"it-IT","potentialAction":[{"@type":"ReadAction","target":["https:\/\/skiathosfinecars.com\/it\/politica-sulla-riservatezza\/"]}]},{"@type":"BreadcrumbList","@id":"https:\/\/skiathosfinecars.com\/it\/politica-sulla-riservatezza\/#breadcrumb","itemListElement":[{"@type":"ListItem","position":1,"name":"\u0391\u03c1\u03c7\u03b9\u03ba\u03ae","item":"https:\/\/skiathosfinecars.com\/"},{"@type":"ListItem","position":2,"name":"POLITICA SULLA RISERVATEZZA"}]},{"@type":"WebSite","@id":"https:\/\/skiathosfinecars.com\/en\/#website","url":"https:\/\/skiathosfinecars.com\/en\/","name":"Skiathos Fine Cars","description":"Rent a car","publisher":{"@id":"https:\/\/skiathosfinecars.com\/en\/#organization"},"potentialAction":[{"@type":"SearchAction","target":{"@type":"EntryPoint","urlTemplate":"https:\/\/skiathosfinecars.com\/en\/?s={search_term_string}"},"query-input":{"@type":"PropertyValueSpecification","valueRequired":true,"valueName":"search_term_string"}}],"inLanguage":"it-IT"},{"@type":"Organization","@id":"https:\/\/skiathosfinecars.com\/en\/#organization","name":"Skiathos Fine Cars","url":"https:\/\/skiathosfinecars.com\/en\/","logo":{"@type":"ImageObject","inLanguage":"it-IT","@id":"https:\/\/skiathosfinecars.com\/en\/#\/schema\/logo\/image\/","url":"https:\/\/skiathosfinecars.com\/wp-content\/uploads\/2022\/04\/logo.png","contentUrl":"https:\/\/skiathosfinecars.com\/wp-content\/uploads\/2022\/04\/logo.png","width":250,"height":167,"caption":"Skiathos Fine Cars"},"image":{"@id":"https:\/\/skiathosfinecars.com\/en\/#\/schema\/logo\/image\/"}}]}},"_links":{"self":[{"href":"https:\/\/skiathosfinecars.com\/it\/wp-json\/wp\/v2\/pages\/2116","targetHints":{"allow":["GET"]}}],"collection":[{"href":"https:\/\/skiathosfinecars.com\/it\/wp-json\/wp\/v2\/pages"}],"about":[{"href":"https:\/\/skiathosfinecars.com\/it\/wp-json\/wp\/v2\/types\/page"}],"author":[{"embeddable":true,"href":"https:\/\/skiathosfinecars.com\/it\/wp-json\/wp\/v2\/users\/1"}],"replies":[{"embeddable":true,"href":"https:\/\/skiathosfinecars.com\/it\/wp-json\/wp\/v2\/comments?post=2116"}],"version-history":[{"count":9,"href":"https:\/\/skiathosfinecars.com\/it\/wp-json\/wp\/v2\/pages\/2116\/revisions"}],"predecessor-version":[{"id":4524,"href":"https:\/\/skiathosfinecars.com\/it\/wp-json\/wp\/v2\/pages\/2116\/revisions\/4524"}],"wp:attachment":[{"href":"https:\/\/skiathosfinecars.com\/it\/wp-json\/wp\/v2\/media?parent=2116"}],"curies":[{"name":"wp","href":"https:\/\/api.w.org\/{rel}","templated":true}]}}