{"id":2287,"date":"2019-01-08T12:30:37","date_gmt":"2019-01-08T10:30:37","guid":{"rendered":"https:\/\/newsite.skiathosfinecars.com\/%cf%80%ce%bf%ce%bb%ce%b9%cf%84%ce%b9%ce%ba%ce%ae-%ce%ba%cf%81%ce%b1%cf%84%ce%ae%cf%83%ce%b5%cf%89%ce%bd-%ce%b1%ce%ba%cf%85%cf%81%cf%8e%cf%83%ce%b5%cf%89%ce%bd\/"},"modified":"2022-09-26T17:04:33","modified_gmt":"2022-09-26T14:04:33","slug":"buchungs-und-stornierungsbedingungen","status":"publish","type":"page","link":"https:\/\/skiathosfinecars.com\/de\/buchungs-und-stornierungsbedingungen\/","title":{"rendered":"BUCHUNGS \u2013 UND STORNIERUNGSBEDINGUNGEN"},"content":{"rendered":"\t\t<div data-elementor-type=\"wp-post\" data-elementor-id=\"2287\" class=\"elementor elementor-2287 elementor-1675\">\n\t\t\t\t\t\t<section class=\"elementor-section elementor-top-section elementor-element elementor-element-e4f99d9 elementor-section-boxed elementor-section-height-default elementor-section-height-default\" data-id=\"e4f99d9\" data-element_type=\"section\">\n\t\t\t\t\t\t<div class=\"elementor-container elementor-column-gap-extended\">\n\t\t\t\t\t<div class=\"elementor-column elementor-col-100 elementor-top-column elementor-element elementor-element-c923a34 sc_inner_width_none sc_content_align_inherit sc_layouts_column_icons_position_left\" data-id=\"c923a34\" data-element_type=\"column\">\n\t\t\t<div class=\"elementor-widget-wrap elementor-element-populated\">\n\t\t\t\t\t\t<div class=\"elementor-element elementor-element-5e68294 sc_fly_static elementor-widget elementor-widget-spacer\" data-id=\"5e68294\" data-element_type=\"widget\" data-widget_type=\"spacer.default\">\n\t\t\t\t<div class=\"elementor-widget-container\">\n\t\t\t\t\t\t\t<div class=\"elementor-spacer\">\n\t\t\t<div class=\"elementor-spacer-inner\"><\/div>\n\t\t<\/div>\n\t\t\t\t\t\t<\/div>\n\t\t\t\t<\/div>\n\t\t\t\t\t<\/div>\n\t\t<\/div>\n\t\t\t\t\t<\/div>\n\t\t<\/section>\n\t\t\t\t<section class=\"elementor-section elementor-top-section elementor-element elementor-element-61877b4 elementor-section-boxed elementor-section-height-default elementor-section-height-default\" data-id=\"61877b4\" data-element_type=\"section\" data-settings=\"{&quot;background_background&quot;:&quot;classic&quot;}\">\n\t\t\t\t\t\t<div class=\"elementor-container elementor-column-gap-extended\">\n\t\t\t\t\t<div class=\"elementor-column elementor-col-100 elementor-top-column elementor-element elementor-element-9fa8f45 sc_inner_width_none sc_content_align_inherit sc_layouts_column_icons_position_left\" data-id=\"9fa8f45\" data-element_type=\"column\">\n\t\t\t<div class=\"elementor-widget-wrap elementor-element-populated\">\n\t\t\t\t\t\t<div class=\"elementor-element elementor-element-3951ff8 sc_fly_static elementor-widget elementor-widget-spacer\" data-id=\"3951ff8\" data-element_type=\"widget\" data-widget_type=\"spacer.default\">\n\t\t\t\t<div class=\"elementor-widget-container\">\n\t\t\t\t\t\t\t<div class=\"elementor-spacer\">\n\t\t\t<div class=\"elementor-spacer-inner\"><\/div>\n\t\t<\/div>\n\t\t\t\t\t\t<\/div>\n\t\t\t\t<\/div>\n\t\t\t\t<div class=\"elementor-element elementor-element-3dc1e13 sc_fly_static elementor-widget elementor-widget-text-editor\" data-id=\"3dc1e13\" data-element_type=\"widget\" data-widget_type=\"text-editor.default\">\n\t\t\t\t<div class=\"elementor-widget-container\">\n\t\t\t\t\t\t\t\t\t<h5>1. Mietzeit und Verl\u00e4ngerung des Mietverh\u00e4ltnisses<\/h5><p>Fahrzeugmieten sind in 24 Stunden unterteilt. Um zus\u00e4tzliche Kosten zu vermeiden, stellen Sie sicher, dass Sie das Fahrzeug zur gleichen Zeit zur\u00fcckgeben, in der Sie es abgeholt haben. Bei einer versp\u00e4teten R\u00fcckgabe kann SkiathosFineCars Ihnen die Versp\u00e4tung in Rechnung stellen. Die Verl\u00e4ngerung des Mietverh\u00e4ltnisses erfolgt nach unserer Mitteilung und Zustimmung. Das Fahrzeug bleibt bis zu 2 Stunden vor dem vereinbarten Buchungszeitpunkt reserviert. Nach Ablauf der 2 Stunden wird es von der Reservierung freigestellt.<\/p>\t\t\t\t\t\t\t\t<\/div>\n\t\t\t\t<\/div>\n\t\t\t\t<div class=\"elementor-element elementor-element-8c14291 sc_fly_static elementor-widget elementor-widget-spacer\" data-id=\"8c14291\" data-element_type=\"widget\" data-widget_type=\"spacer.default\">\n\t\t\t\t<div class=\"elementor-widget-container\">\n\t\t\t\t\t\t\t<div class=\"elementor-spacer\">\n\t\t\t<div class=\"elementor-spacer-inner\"><\/div>\n\t\t<\/div>\n\t\t\t\t\t\t<\/div>\n\t\t\t\t<\/div>\n\t\t\t\t\t<\/div>\n\t\t<\/div>\n\t\t\t\t\t<\/div>\n\t\t<\/section>\n\t\t\t\t<section class=\"elementor-section elementor-top-section elementor-element elementor-element-e6a5af6 elementor-section-boxed elementor-section-height-default elementor-section-height-default\" data-id=\"e6a5af6\" data-element_type=\"section\">\n\t\t\t\t\t\t<div class=\"elementor-container elementor-column-gap-extended\">\n\t\t\t\t\t<div class=\"elementor-column elementor-col-100 elementor-top-column elementor-element elementor-element-4b0a1cb sc_inner_width_none sc_content_align_inherit sc_layouts_column_icons_position_left\" data-id=\"4b0a1cb\" data-element_type=\"column\">\n\t\t\t<div class=\"elementor-widget-wrap elementor-element-populated\">\n\t\t\t\t\t\t<div class=\"elementor-element elementor-element-f38532b sc_fly_static elementor-widget elementor-widget-spacer\" data-id=\"f38532b\" data-element_type=\"widget\" data-widget_type=\"spacer.default\">\n\t\t\t\t<div class=\"elementor-widget-container\">\n\t\t\t\t\t\t\t<div class=\"elementor-spacer\">\n\t\t\t<div class=\"elementor-spacer-inner\"><\/div>\n\t\t<\/div>\n\t\t\t\t\t\t<\/div>\n\t\t\t\t<\/div>\n\t\t\t\t\t<\/div>\n\t\t<\/div>\n\t\t\t\t\t<\/div>\n\t\t<\/section>\n\t\t\t\t<section class=\"elementor-section elementor-top-section elementor-element elementor-element-22a92ec6 elementor-section-boxed elementor-section-height-default elementor-section-height-default\" data-id=\"22a92ec6\" data-element_type=\"section\" data-settings=\"{&quot;background_background&quot;:&quot;classic&quot;}\">\n\t\t\t\t\t\t<div class=\"elementor-container elementor-column-gap-extended\">\n\t\t\t\t\t<div class=\"elementor-column elementor-col-100 elementor-top-column elementor-element elementor-element-13952404 sc_inner_width_none sc_content_align_inherit sc_layouts_column_icons_position_left\" data-id=\"13952404\" data-element_type=\"column\">\n\t\t\t<div class=\"elementor-widget-wrap elementor-element-populated\">\n\t\t\t\t\t\t<div class=\"elementor-element elementor-element-52819be4 sc_fly_static elementor-widget elementor-widget-spacer\" data-id=\"52819be4\" data-element_type=\"widget\" data-widget_type=\"spacer.default\">\n\t\t\t\t<div class=\"elementor-widget-container\">\n\t\t\t\t\t\t\t<div class=\"elementor-spacer\">\n\t\t\t<div class=\"elementor-spacer-inner\"><\/div>\n\t\t<\/div>\n\t\t\t\t\t\t<\/div>\n\t\t\t\t<\/div>\n\t\t\t\t<div class=\"elementor-element elementor-element-14bb398f sc_fly_static elementor-widget elementor-widget-text-editor\" data-id=\"14bb398f\" data-element_type=\"widget\" data-widget_type=\"text-editor.default\">\n\t\t\t\t<div class=\"elementor-widget-container\">\n\t\t\t\t\t\t\t\t\t<h5>2. \u00c4nderungen der Reservierungen<\/h5><p>\u00c4nderungen an der Reservierung werden bis 48 Stunden vor der Vermietung ohne Aufpreis vorgenommen. \u00c4nderungen k\u00f6nnen telefonisch unter 24270-22696 oder per E-Mail unter reservations@skiathosfinecars.com vorgenommen werden.<\/p>\t\t\t\t\t\t\t\t<\/div>\n\t\t\t\t<\/div>\n\t\t\t\t<div class=\"elementor-element elementor-element-ce74804 sc_fly_static elementor-widget elementor-widget-spacer\" data-id=\"ce74804\" data-element_type=\"widget\" data-widget_type=\"spacer.default\">\n\t\t\t\t<div class=\"elementor-widget-container\">\n\t\t\t\t\t\t\t<div class=\"elementor-spacer\">\n\t\t\t<div class=\"elementor-spacer-inner\"><\/div>\n\t\t<\/div>\n\t\t\t\t\t\t<\/div>\n\t\t\t\t<\/div>\n\t\t\t\t\t<\/div>\n\t\t<\/div>\n\t\t\t\t\t<\/div>\n\t\t<\/section>\n\t\t\t\t<section class=\"elementor-section elementor-top-section elementor-element elementor-element-3ff474e6 elementor-section-boxed elementor-section-height-default elementor-section-height-default\" data-id=\"3ff474e6\" data-element_type=\"section\">\n\t\t\t\t\t\t<div class=\"elementor-container elementor-column-gap-extended\">\n\t\t\t\t\t<div class=\"elementor-column elementor-col-100 elementor-top-column elementor-element elementor-element-66230bd7 sc_inner_width_none sc_content_align_inherit sc_layouts_column_icons_position_left\" data-id=\"66230bd7\" data-element_type=\"column\">\n\t\t\t<div class=\"elementor-widget-wrap elementor-element-populated\">\n\t\t\t\t\t\t<div class=\"elementor-element elementor-element-7c8250aa sc_fly_static elementor-widget elementor-widget-spacer\" data-id=\"7c8250aa\" data-element_type=\"widget\" data-widget_type=\"spacer.default\">\n\t\t\t\t<div class=\"elementor-widget-container\">\n\t\t\t\t\t\t\t<div class=\"elementor-spacer\">\n\t\t\t<div class=\"elementor-spacer-inner\"><\/div>\n\t\t<\/div>\n\t\t\t\t\t\t<\/div>\n\t\t\t\t<\/div>\n\t\t\t\t\t<\/div>\n\t\t<\/div>\n\t\t\t\t\t<\/div>\n\t\t<\/section>\n\t\t\t\t<section class=\"elementor-section elementor-top-section elementor-element elementor-element-65f256b1 elementor-section-boxed elementor-section-height-default elementor-section-height-default\" data-id=\"65f256b1\" data-element_type=\"section\" data-settings=\"{&quot;background_background&quot;:&quot;classic&quot;}\">\n\t\t\t\t\t\t<div class=\"elementor-container elementor-column-gap-extended\">\n\t\t\t\t\t<div class=\"elementor-column elementor-col-100 elementor-top-column elementor-element elementor-element-3abae869 sc_inner_width_none sc_content_align_inherit sc_layouts_column_icons_position_left\" data-id=\"3abae869\" data-element_type=\"column\">\n\t\t\t<div class=\"elementor-widget-wrap elementor-element-populated\">\n\t\t\t\t\t\t<div class=\"elementor-element elementor-element-5b15bcb3 sc_fly_static elementor-widget elementor-widget-spacer\" data-id=\"5b15bcb3\" data-element_type=\"widget\" data-widget_type=\"spacer.default\">\n\t\t\t\t<div class=\"elementor-widget-container\">\n\t\t\t\t\t\t\t<div class=\"elementor-spacer\">\n\t\t\t<div class=\"elementor-spacer-inner\"><\/div>\n\t\t<\/div>\n\t\t\t\t\t\t<\/div>\n\t\t\t\t<\/div>\n\t\t\t\t<div class=\"elementor-element elementor-element-1e5dd13a sc_fly_static elementor-widget elementor-widget-text-editor\" data-id=\"1e5dd13a\" data-element_type=\"widget\" data-widget_type=\"text-editor.default\">\n\t\t\t\t<div class=\"elementor-widget-container\">\n\t\t\t\t\t\t\t\t\t<h5>3. Stornierungsbedingungen<\/h5>\n<p>Stornierungen, die bis zu 24 Stunden vor der geplanten Abholung erfolgen, werden nicht berechnet. Reservierungen, die in den letzten 24 Stunden storniert wurden, werden mit einem Tag berechnet. Bei Vermietungen an denen das Fahrzeug&nbsp; vor dem geplanten R\u00fcckgabedatum zur\u00fcckgegeben wird, wird kein Geld erstattet. Um Ihre Buchung zu \u00e4ndern oder zu stornieren, teilen Sie uns dies bitte telefonisch oder per Fax unter der Nummer 24270-22696 oder per E-Mail unter reservations@skiathosfinecars.com mit. Voraussetzung ist die Angabe der Nummer und des Namens der Reservierung.<\/p>\t\t\t\t\t\t\t\t<\/div>\n\t\t\t\t<\/div>\n\t\t\t\t<div class=\"elementor-element elementor-element-1a2e9785 sc_fly_static elementor-widget elementor-widget-spacer\" data-id=\"1a2e9785\" data-element_type=\"widget\" data-widget_type=\"spacer.default\">\n\t\t\t\t<div class=\"elementor-widget-container\">\n\t\t\t\t\t\t\t<div class=\"elementor-spacer\">\n\t\t\t<div class=\"elementor-spacer-inner\"><\/div>\n\t\t<\/div>\n\t\t\t\t\t\t<\/div>\n\t\t\t\t<\/div>\n\t\t\t\t\t<\/div>\n\t\t<\/div>\n\t\t\t\t\t<\/div>\n\t\t<\/section>\n\t\t\t\t<section class=\"elementor-section elementor-top-section elementor-element elementor-element-e833754 elementor-section-boxed elementor-section-height-default elementor-section-height-default\" data-id=\"e833754\" data-element_type=\"section\">\n\t\t\t\t\t\t<div class=\"elementor-container elementor-column-gap-extended\">\n\t\t\t\t\t<div class=\"elementor-column elementor-col-100 elementor-top-column elementor-element elementor-element-33e4be4 sc_inner_width_none sc_content_align_inherit sc_layouts_column_icons_position_left\" data-id=\"33e4be4\" data-element_type=\"column\">\n\t\t\t<div class=\"elementor-widget-wrap elementor-element-populated\">\n\t\t\t\t\t\t<div class=\"elementor-element elementor-element-b5d7780 sc_fly_static elementor-widget elementor-widget-spacer\" data-id=\"b5d7780\" data-element_type=\"widget\" data-widget_type=\"spacer.default\">\n\t\t\t\t<div class=\"elementor-widget-container\">\n\t\t\t\t\t\t\t<div class=\"elementor-spacer\">\n\t\t\t<div class=\"elementor-spacer-inner\"><\/div>\n\t\t<\/div>\n\t\t\t\t\t\t<\/div>\n\t\t\t\t<\/div>\n\t\t\t\t\t<\/div>\n\t\t<\/div>\n\t\t\t\t\t<\/div>\n\t\t<\/section>\n\t\t\t\t<\/div>\n\t\t","protected":false},"excerpt":{"rendered":"<p>1. Mietzeit und Verl\u00e4ngerung des Mietverh\u00e4ltnisses Fahrzeugmieten sind in 24 Stunden unterteilt. Um zus\u00e4tzliche Kosten zu vermeiden, stellen Sie sicher, dass Sie das Fahrzeug zur gleichen Zeit zur\u00fcckgeben, in der Sie es&hellip;<\/p>\n","protected":false},"author":1,"featured_media":0,"parent":0,"menu_order":0,"comment_status":"closed","ping_status":"closed","template":"","meta":{"_monsterinsights_skip_tracking":false,"_monsterinsights_sitenote_active":false,"_monsterinsights_sitenote_note":"","_monsterinsights_sitenote_category":0,"footnotes":""},"class_list":["post-2287","page","type-page","status-publish","hentry"],"yoast_head":"<!-- This site is optimized with the Yoast SEO plugin v25.9 - https:\/\/yoast.com\/wordpress\/plugins\/seo\/ -->\n<title>BUCHUNGS \u2013 UND STORNIERUNGSBEDINGUNGEN - Skiathos Fine Cars<\/title>\n<meta name=\"robots\" content=\"index, follow, max-snippet:-1, max-image-preview:large, max-video-preview:-1\" \/>\n<link rel=\"canonical\" href=\"https:\/\/skiathosfinecars.com\/de\/buchungs-und-stornierungsbedingungen\/\" \/>\n<meta property=\"og:locale\" content=\"de_DE\" \/>\n<meta property=\"og:type\" content=\"article\" \/>\n<meta property=\"og:title\" content=\"BUCHUNGS \u2013 UND STORNIERUNGSBEDINGUNGEN - Skiathos Fine Cars\" \/>\n<meta property=\"og:description\" content=\"1. Mietzeit und Verl\u00e4ngerung des Mietverh\u00e4ltnisses Fahrzeugmieten sind in 24 Stunden unterteilt. Um zus\u00e4tzliche Kosten zu vermeiden, stellen Sie sicher, dass Sie das Fahrzeug zur gleichen Zeit zur\u00fcckgeben, in der Sie es&hellip;\" \/>\n<meta property=\"og:url\" content=\"https:\/\/skiathosfinecars.com\/de\/buchungs-und-stornierungsbedingungen\/\" \/>\n<meta property=\"og:site_name\" content=\"Skiathos Fine Cars\" \/>\n<meta property=\"article:modified_time\" content=\"2022-09-26T14:04:33+00:00\" \/>\n<meta name=\"twitter:card\" content=\"summary_large_image\" \/>\n<meta name=\"twitter:label1\" content=\"Gesch\u00e4tzte Lesezeit\" \/>\n\t<meta name=\"twitter:data1\" content=\"1\u00a0Minute\" \/>\n<script type=\"application\/ld+json\" class=\"yoast-schema-graph\">{\"@context\":\"https:\/\/schema.org\",\"@graph\":[{\"@type\":\"WebPage\",\"@id\":\"https:\/\/skiathosfinecars.com\/de\/buchungs-und-stornierungsbedingungen\/\",\"url\":\"https:\/\/skiathosfinecars.com\/de\/buchungs-und-stornierungsbedingungen\/\",\"name\":\"BUCHUNGS \u2013 UND STORNIERUNGSBEDINGUNGEN - Skiathos Fine Cars\",\"isPartOf\":{\"@id\":\"https:\/\/skiathosfinecars.com\/en\/#website\"},\"datePublished\":\"2019-01-08T10:30:37+00:00\",\"dateModified\":\"2022-09-26T14:04:33+00:00\",\"breadcrumb\":{\"@id\":\"https:\/\/skiathosfinecars.com\/de\/buchungs-und-stornierungsbedingungen\/#breadcrumb\"},\"inLanguage\":\"de\",\"potentialAction\":[{\"@type\":\"ReadAction\",\"target\":[\"https:\/\/skiathosfinecars.com\/de\/buchungs-und-stornierungsbedingungen\/\"]}]},{\"@type\":\"BreadcrumbList\",\"@id\":\"https:\/\/skiathosfinecars.com\/de\/buchungs-und-stornierungsbedingungen\/#breadcrumb\",\"itemListElement\":[{\"@type\":\"ListItem\",\"position\":1,\"name\":\"\u0391\u03c1\u03c7\u03b9\u03ba\u03ae\",\"item\":\"https:\/\/skiathosfinecars.com\/\"},{\"@type\":\"ListItem\",\"position\":2,\"name\":\"BUCHUNGS \u2013 UND STORNIERUNGSBEDINGUNGEN\"}]},{\"@type\":\"WebSite\",\"@id\":\"https:\/\/skiathosfinecars.com\/en\/#website\",\"url\":\"https:\/\/skiathosfinecars.com\/en\/\",\"name\":\"Skiathos Fine Cars\",\"description\":\"Rent a car\",\"publisher\":{\"@id\":\"https:\/\/skiathosfinecars.com\/en\/#organization\"},\"potentialAction\":[{\"@type\":\"SearchAction\",\"target\":{\"@type\":\"EntryPoint\",\"urlTemplate\":\"https:\/\/skiathosfinecars.com\/en\/?s={search_term_string}\"},\"query-input\":{\"@type\":\"PropertyValueSpecification\",\"valueRequired\":true,\"valueName\":\"search_term_string\"}}],\"inLanguage\":\"de\"},{\"@type\":\"Organization\",\"@id\":\"https:\/\/skiathosfinecars.com\/en\/#organization\",\"name\":\"Skiathos Fine Cars\",\"url\":\"https:\/\/skiathosfinecars.com\/en\/\",\"logo\":{\"@type\":\"ImageObject\",\"inLanguage\":\"de\",\"@id\":\"https:\/\/skiathosfinecars.com\/en\/#\/schema\/logo\/image\/\",\"url\":\"https:\/\/skiathosfinecars.com\/wp-content\/uploads\/2022\/04\/logo.png\",\"contentUrl\":\"https:\/\/skiathosfinecars.com\/wp-content\/uploads\/2022\/04\/logo.png\",\"width\":250,\"height\":167,\"caption\":\"Skiathos Fine Cars\"},\"image\":{\"@id\":\"https:\/\/skiathosfinecars.com\/en\/#\/schema\/logo\/image\/\"}}]}<\/script>\n<!-- \/ Yoast SEO plugin. -->","yoast_head_json":{"title":"BUCHUNGS \u2013 UND STORNIERUNGSBEDINGUNGEN - Skiathos Fine Cars","robots":{"index":"index","follow":"follow","max-snippet":"max-snippet:-1","max-image-preview":"max-image-preview:large","max-video-preview":"max-video-preview:-1"},"canonical":"https:\/\/skiathosfinecars.com\/de\/buchungs-und-stornierungsbedingungen\/","og_locale":"de_DE","og_type":"article","og_title":"BUCHUNGS \u2013 UND STORNIERUNGSBEDINGUNGEN - Skiathos Fine Cars","og_description":"1. Mietzeit und Verl\u00e4ngerung des Mietverh\u00e4ltnisses Fahrzeugmieten sind in 24 Stunden unterteilt. Um zus\u00e4tzliche Kosten zu vermeiden, stellen Sie sicher, dass Sie das Fahrzeug zur gleichen Zeit zur\u00fcckgeben, in der Sie es&hellip;","og_url":"https:\/\/skiathosfinecars.com\/de\/buchungs-und-stornierungsbedingungen\/","og_site_name":"Skiathos Fine Cars","article_modified_time":"2022-09-26T14:04:33+00:00","twitter_card":"summary_large_image","twitter_misc":{"Gesch\u00e4tzte Lesezeit":"1\u00a0Minute"},"schema":{"@context":"https:\/\/schema.org","@graph":[{"@type":"WebPage","@id":"https:\/\/skiathosfinecars.com\/de\/buchungs-und-stornierungsbedingungen\/","url":"https:\/\/skiathosfinecars.com\/de\/buchungs-und-stornierungsbedingungen\/","name":"BUCHUNGS \u2013 UND STORNIERUNGSBEDINGUNGEN - Skiathos Fine Cars","isPartOf":{"@id":"https:\/\/skiathosfinecars.com\/en\/#website"},"datePublished":"2019-01-08T10:30:37+00:00","dateModified":"2022-09-26T14:04:33+00:00","breadcrumb":{"@id":"https:\/\/skiathosfinecars.com\/de\/buchungs-und-stornierungsbedingungen\/#breadcrumb"},"inLanguage":"de","potentialAction":[{"@type":"ReadAction","target":["https:\/\/skiathosfinecars.com\/de\/buchungs-und-stornierungsbedingungen\/"]}]},{"@type":"BreadcrumbList","@id":"https:\/\/skiathosfinecars.com\/de\/buchungs-und-stornierungsbedingungen\/#breadcrumb","itemListElement":[{"@type":"ListItem","position":1,"name":"\u0391\u03c1\u03c7\u03b9\u03ba\u03ae","item":"https:\/\/skiathosfinecars.com\/"},{"@type":"ListItem","position":2,"name":"BUCHUNGS \u2013 UND STORNIERUNGSBEDINGUNGEN"}]},{"@type":"WebSite","@id":"https:\/\/skiathosfinecars.com\/en\/#website","url":"https:\/\/skiathosfinecars.com\/en\/","name":"Skiathos Fine Cars","description":"Rent a car","publisher":{"@id":"https:\/\/skiathosfinecars.com\/en\/#organization"},"potentialAction":[{"@type":"SearchAction","target":{"@type":"EntryPoint","urlTemplate":"https:\/\/skiathosfinecars.com\/en\/?s={search_term_string}"},"query-input":{"@type":"PropertyValueSpecification","valueRequired":true,"valueName":"search_term_string"}}],"inLanguage":"de"},{"@type":"Organization","@id":"https:\/\/skiathosfinecars.com\/en\/#organization","name":"Skiathos Fine Cars","url":"https:\/\/skiathosfinecars.com\/en\/","logo":{"@type":"ImageObject","inLanguage":"de","@id":"https:\/\/skiathosfinecars.com\/en\/#\/schema\/logo\/image\/","url":"https:\/\/skiathosfinecars.com\/wp-content\/uploads\/2022\/04\/logo.png","contentUrl":"https:\/\/skiathosfinecars.com\/wp-content\/uploads\/2022\/04\/logo.png","width":250,"height":167,"caption":"Skiathos Fine Cars"},"image":{"@id":"https:\/\/skiathosfinecars.com\/en\/#\/schema\/logo\/image\/"}}]}},"_links":{"self":[{"href":"https:\/\/skiathosfinecars.com\/de\/wp-json\/wp\/v2\/pages\/2287","targetHints":{"allow":["GET"]}}],"collection":[{"href":"https:\/\/skiathosfinecars.com\/de\/wp-json\/wp\/v2\/pages"}],"about":[{"href":"https:\/\/skiathosfinecars.com\/de\/wp-json\/wp\/v2\/types\/page"}],"author":[{"embeddable":true,"href":"https:\/\/skiathosfinecars.com\/de\/wp-json\/wp\/v2\/users\/1"}],"replies":[{"embeddable":true,"href":"https:\/\/skiathosfinecars.com\/de\/wp-json\/wp\/v2\/comments?post=2287"}],"version-history":[{"count":8,"href":"https:\/\/skiathosfinecars.com\/de\/wp-json\/wp\/v2\/pages\/2287\/revisions"}],"predecessor-version":[{"id":4519,"href":"https:\/\/skiathosfinecars.com\/de\/wp-json\/wp\/v2\/pages\/2287\/revisions\/4519"}],"wp:attachment":[{"href":"https:\/\/skiathosfinecars.com\/de\/wp-json\/wp\/v2\/media?parent=2287"}],"curies":[{"name":"wp","href":"https:\/\/api.w.org\/{rel}","templated":true}]}}