{"id":2199,"date":"2019-01-08T12:30:37","date_gmt":"2019-01-08T10:30:37","guid":{"rendered":"https:\/\/newsite.skiathosfinecars.com\/tropoi-pliromis\/"},"modified":"2022-09-26T17:04:40","modified_gmt":"2022-09-26T14:04:40","slug":"zahlungsarten","status":"publish","type":"page","link":"https:\/\/skiathosfinecars.com\/de\/zahlungsarten\/","title":{"rendered":"ZAHLUNGSARTEN"},"content":{"rendered":"\t\t<div data-elementor-type=\"wp-post\" data-elementor-id=\"2199\" class=\"elementor elementor-2199 elementor-2197\">\n\t\t\t\t\t\t<section class=\"elementor-section elementor-top-section elementor-element elementor-element-e4f99d9 elementor-section-boxed elementor-section-height-default elementor-section-height-default\" data-id=\"e4f99d9\" data-element_type=\"section\">\n\t\t\t\t\t\t<div class=\"elementor-container elementor-column-gap-extended\">\n\t\t\t\t\t<div class=\"elementor-column elementor-col-100 elementor-top-column elementor-element elementor-element-c923a34 sc_inner_width_none sc_content_align_inherit sc_layouts_column_icons_position_left\" data-id=\"c923a34\" data-element_type=\"column\">\n\t\t\t<div class=\"elementor-widget-wrap elementor-element-populated\">\n\t\t\t\t\t\t<div class=\"elementor-element elementor-element-5e68294 sc_fly_static elementor-widget elementor-widget-spacer\" data-id=\"5e68294\" data-element_type=\"widget\" data-widget_type=\"spacer.default\">\n\t\t\t\t<div class=\"elementor-widget-container\">\n\t\t\t\t\t\t\t<div class=\"elementor-spacer\">\n\t\t\t<div class=\"elementor-spacer-inner\"><\/div>\n\t\t<\/div>\n\t\t\t\t\t\t<\/div>\n\t\t\t\t<\/div>\n\t\t\t\t\t<\/div>\n\t\t<\/div>\n\t\t\t\t\t<\/div>\n\t\t<\/section>\n\t\t\t\t<section class=\"elementor-section elementor-top-section elementor-element elementor-element-62a4d9b1 elementor-section-boxed elementor-section-height-default elementor-section-height-default\" data-id=\"62a4d9b1\" data-element_type=\"section\" data-settings=\"{&quot;background_background&quot;:&quot;classic&quot;}\">\n\t\t\t\t\t\t<div class=\"elementor-container elementor-column-gap-extended\">\n\t\t\t\t\t<div class=\"elementor-column elementor-col-100 elementor-top-column elementor-element elementor-element-b201eb4 sc_inner_width_none sc_content_align_inherit sc_layouts_column_icons_position_left\" data-id=\"b201eb4\" data-element_type=\"column\">\n\t\t\t<div class=\"elementor-widget-wrap elementor-element-populated\">\n\t\t\t\t\t\t<div class=\"elementor-element elementor-element-111d9fe5 sc_fly_static elementor-widget elementor-widget-spacer\" data-id=\"111d9fe5\" data-element_type=\"widget\" data-widget_type=\"spacer.default\">\n\t\t\t\t<div class=\"elementor-widget-container\">\n\t\t\t\t\t\t\t<div class=\"elementor-spacer\">\n\t\t\t<div class=\"elementor-spacer-inner\"><\/div>\n\t\t<\/div>\n\t\t\t\t\t\t<\/div>\n\t\t\t\t<\/div>\n\t\t\t\t<div class=\"elementor-element elementor-element-19543589 sc_fly_static elementor-widget elementor-widget-text-editor\" data-id=\"19543589\" data-element_type=\"widget\" data-widget_type=\"text-editor.default\">\n\t\t\t\t<div class=\"elementor-widget-container\">\n\t\t\t\t\t\t\t\t\t<h5>ZAHLUNGSARTEN<br \/><br \/>Zahlungarten und akzeptierte Kreditkarten<\/h5><p>Zahlungsarten:<br \/>Barzahlung bei Fahrzeuganlieferung<\/p><p>direkte Bank\u00fcberweisung<\/p><p>Eurobank Account Details<\/p><p>Account Number: 0026. 0139.34.0200918267<\/p><p>IBAN: GR6202601390000340200918267<\/p><p>Owner\u2019s Name: Zannas Paraskeyas Vasileios,<\/p><p>Barzahlung bei Fahrzeugmiete, Debit- und Prepaid-Karten und Kreditkarten. Akzeptierte Kreditkarten: MasterCard und Visa.<\/p><p>Zahlungen erfolgen nur in Euro.<\/p><p>Bei der \u00dcbergabe muss der Mieter als Garantie eine g\u00fcltige Kreditkarte in seinem Namen oder im Namen einer anderen Person vorlegen, die bei der \u00dcbergabe des Fahrzeugs anwesend sein wird.<\/p>\t\t\t\t\t\t\t\t<\/div>\n\t\t\t\t<\/div>\n\t\t\t\t<div class=\"elementor-element elementor-element-610aea52 sc_fly_static elementor-widget elementor-widget-spacer\" data-id=\"610aea52\" data-element_type=\"widget\" data-widget_type=\"spacer.default\">\n\t\t\t\t<div class=\"elementor-widget-container\">\n\t\t\t\t\t\t\t<div class=\"elementor-spacer\">\n\t\t\t<div class=\"elementor-spacer-inner\"><\/div>\n\t\t<\/div>\n\t\t\t\t\t\t<\/div>\n\t\t\t\t<\/div>\n\t\t\t\t\t<\/div>\n\t\t<\/div>\n\t\t\t\t\t<\/div>\n\t\t<\/section>\n\t\t\t\t<section class=\"elementor-section elementor-top-section elementor-element elementor-element-6ad7dd4b elementor-section-boxed elementor-section-height-default elementor-section-height-default\" data-id=\"6ad7dd4b\" data-element_type=\"section\">\n\t\t\t\t\t\t<div class=\"elementor-container elementor-column-gap-extended\">\n\t\t\t\t\t<div class=\"elementor-column elementor-col-100 elementor-top-column elementor-element elementor-element-596b071f sc_inner_width_none sc_content_align_inherit sc_layouts_column_icons_position_left\" data-id=\"596b071f\" data-element_type=\"column\">\n\t\t\t<div class=\"elementor-widget-wrap elementor-element-populated\">\n\t\t\t\t\t\t<div class=\"elementor-element elementor-element-4be38 sc_fly_static elementor-widget elementor-widget-spacer\" data-id=\"4be38\" data-element_type=\"widget\" data-widget_type=\"spacer.default\">\n\t\t\t\t<div class=\"elementor-widget-container\">\n\t\t\t\t\t\t\t<div class=\"elementor-spacer\">\n\t\t\t<div class=\"elementor-spacer-inner\"><\/div>\n\t\t<\/div>\n\t\t\t\t\t\t<\/div>\n\t\t\t\t<\/div>\n\t\t\t\t\t<\/div>\n\t\t<\/div>\n\t\t\t\t\t<\/div>\n\t\t<\/section>\n\t\t\t\t<\/div>\n\t\t","protected":false},"excerpt":{"rendered":"<p>ZAHLUNGSARTEN Zahlungarten und akzeptierte Kreditkarten Zahlungsarten: Barzahlung bei Fahrzeuganlieferung direkte Bank\u00fcberweisung Eurobank Account Details Account Number: 0026. 0139.34.0200918267 IBAN: GR6202601390000340200918267 Owner\u2019s Name: Zannas Paraskeyas Vasileios, Barzahlung bei Fahrzeugmiete, Debit- und Prepaid-Karten und&hellip;<\/p>\n","protected":false},"author":1,"featured_media":0,"parent":0,"menu_order":0,"comment_status":"closed","ping_status":"closed","template":"","meta":{"_monsterinsights_skip_tracking":false,"_monsterinsights_sitenote_active":false,"_monsterinsights_sitenote_note":"","_monsterinsights_sitenote_category":0,"footnotes":""},"class_list":["post-2199","page","type-page","status-publish","hentry"],"yoast_head":"<!-- This site is optimized with the Yoast SEO plugin v25.9 - https:\/\/yoast.com\/wordpress\/plugins\/seo\/ -->\n<title>ZAHLUNGSARTEN - Skiathos Fine Cars<\/title>\n<meta name=\"robots\" content=\"index, follow, max-snippet:-1, max-image-preview:large, max-video-preview:-1\" \/>\n<link rel=\"canonical\" href=\"https:\/\/skiathosfinecars.com\/de\/zahlungsarten\/\" \/>\n<meta property=\"og:locale\" content=\"de_DE\" \/>\n<meta property=\"og:type\" content=\"article\" \/>\n<meta property=\"og:title\" content=\"ZAHLUNGSARTEN - Skiathos Fine Cars\" \/>\n<meta property=\"og:description\" content=\"ZAHLUNGSARTEN Zahlungarten und akzeptierte Kreditkarten Zahlungsarten: Barzahlung bei Fahrzeuganlieferung direkte Bank\u00fcberweisung Eurobank Account Details Account Number: 0026. 0139.34.0200918267 IBAN: GR6202601390000340200918267 Owner\u2019s Name: Zannas Paraskeyas Vasileios, Barzahlung bei Fahrzeugmiete, Debit- und Prepaid-Karten und&hellip;\" \/>\n<meta property=\"og:url\" content=\"https:\/\/skiathosfinecars.com\/de\/zahlungsarten\/\" \/>\n<meta property=\"og:site_name\" content=\"Skiathos Fine Cars\" \/>\n<meta property=\"article:modified_time\" content=\"2022-09-26T14:04:40+00:00\" \/>\n<meta name=\"twitter:card\" content=\"summary_large_image\" \/>\n<script type=\"application\/ld+json\" class=\"yoast-schema-graph\">{\"@context\":\"https:\/\/schema.org\",\"@graph\":[{\"@type\":\"WebPage\",\"@id\":\"https:\/\/skiathosfinecars.com\/de\/zahlungsarten\/\",\"url\":\"https:\/\/skiathosfinecars.com\/de\/zahlungsarten\/\",\"name\":\"ZAHLUNGSARTEN - Skiathos Fine Cars\",\"isPartOf\":{\"@id\":\"https:\/\/skiathosfinecars.com\/en\/#website\"},\"datePublished\":\"2019-01-08T10:30:37+00:00\",\"dateModified\":\"2022-09-26T14:04:40+00:00\",\"breadcrumb\":{\"@id\":\"https:\/\/skiathosfinecars.com\/de\/zahlungsarten\/#breadcrumb\"},\"inLanguage\":\"de\",\"potentialAction\":[{\"@type\":\"ReadAction\",\"target\":[\"https:\/\/skiathosfinecars.com\/de\/zahlungsarten\/\"]}]},{\"@type\":\"BreadcrumbList\",\"@id\":\"https:\/\/skiathosfinecars.com\/de\/zahlungsarten\/#breadcrumb\",\"itemListElement\":[{\"@type\":\"ListItem\",\"position\":1,\"name\":\"\u0391\u03c1\u03c7\u03b9\u03ba\u03ae\",\"item\":\"https:\/\/skiathosfinecars.com\/\"},{\"@type\":\"ListItem\",\"position\":2,\"name\":\"ZAHLUNGSARTEN\"}]},{\"@type\":\"WebSite\",\"@id\":\"https:\/\/skiathosfinecars.com\/en\/#website\",\"url\":\"https:\/\/skiathosfinecars.com\/en\/\",\"name\":\"Skiathos Fine Cars\",\"description\":\"Rent a car\",\"publisher\":{\"@id\":\"https:\/\/skiathosfinecars.com\/en\/#organization\"},\"potentialAction\":[{\"@type\":\"SearchAction\",\"target\":{\"@type\":\"EntryPoint\",\"urlTemplate\":\"https:\/\/skiathosfinecars.com\/en\/?s={search_term_string}\"},\"query-input\":{\"@type\":\"PropertyValueSpecification\",\"valueRequired\":true,\"valueName\":\"search_term_string\"}}],\"inLanguage\":\"de\"},{\"@type\":\"Organization\",\"@id\":\"https:\/\/skiathosfinecars.com\/en\/#organization\",\"name\":\"Skiathos Fine Cars\",\"url\":\"https:\/\/skiathosfinecars.com\/en\/\",\"logo\":{\"@type\":\"ImageObject\",\"inLanguage\":\"de\",\"@id\":\"https:\/\/skiathosfinecars.com\/en\/#\/schema\/logo\/image\/\",\"url\":\"https:\/\/skiathosfinecars.com\/wp-content\/uploads\/2022\/04\/logo.png\",\"contentUrl\":\"https:\/\/skiathosfinecars.com\/wp-content\/uploads\/2022\/04\/logo.png\",\"width\":250,\"height\":167,\"caption\":\"Skiathos Fine Cars\"},\"image\":{\"@id\":\"https:\/\/skiathosfinecars.com\/en\/#\/schema\/logo\/image\/\"}}]}<\/script>\n<!-- \/ Yoast SEO plugin. -->","yoast_head_json":{"title":"ZAHLUNGSARTEN - Skiathos Fine Cars","robots":{"index":"index","follow":"follow","max-snippet":"max-snippet:-1","max-image-preview":"max-image-preview:large","max-video-preview":"max-video-preview:-1"},"canonical":"https:\/\/skiathosfinecars.com\/de\/zahlungsarten\/","og_locale":"de_DE","og_type":"article","og_title":"ZAHLUNGSARTEN - Skiathos Fine Cars","og_description":"ZAHLUNGSARTEN Zahlungarten und akzeptierte Kreditkarten Zahlungsarten: Barzahlung bei Fahrzeuganlieferung direkte Bank\u00fcberweisung Eurobank Account Details Account Number: 0026. 0139.34.0200918267 IBAN: GR6202601390000340200918267 Owner\u2019s Name: Zannas Paraskeyas Vasileios, Barzahlung bei Fahrzeugmiete, Debit- und Prepaid-Karten und&hellip;","og_url":"https:\/\/skiathosfinecars.com\/de\/zahlungsarten\/","og_site_name":"Skiathos Fine Cars","article_modified_time":"2022-09-26T14:04:40+00:00","twitter_card":"summary_large_image","schema":{"@context":"https:\/\/schema.org","@graph":[{"@type":"WebPage","@id":"https:\/\/skiathosfinecars.com\/de\/zahlungsarten\/","url":"https:\/\/skiathosfinecars.com\/de\/zahlungsarten\/","name":"ZAHLUNGSARTEN - Skiathos Fine Cars","isPartOf":{"@id":"https:\/\/skiathosfinecars.com\/en\/#website"},"datePublished":"2019-01-08T10:30:37+00:00","dateModified":"2022-09-26T14:04:40+00:00","breadcrumb":{"@id":"https:\/\/skiathosfinecars.com\/de\/zahlungsarten\/#breadcrumb"},"inLanguage":"de","potentialAction":[{"@type":"ReadAction","target":["https:\/\/skiathosfinecars.com\/de\/zahlungsarten\/"]}]},{"@type":"BreadcrumbList","@id":"https:\/\/skiathosfinecars.com\/de\/zahlungsarten\/#breadcrumb","itemListElement":[{"@type":"ListItem","position":1,"name":"\u0391\u03c1\u03c7\u03b9\u03ba\u03ae","item":"https:\/\/skiathosfinecars.com\/"},{"@type":"ListItem","position":2,"name":"ZAHLUNGSARTEN"}]},{"@type":"WebSite","@id":"https:\/\/skiathosfinecars.com\/en\/#website","url":"https:\/\/skiathosfinecars.com\/en\/","name":"Skiathos Fine Cars","description":"Rent a car","publisher":{"@id":"https:\/\/skiathosfinecars.com\/en\/#organization"},"potentialAction":[{"@type":"SearchAction","target":{"@type":"EntryPoint","urlTemplate":"https:\/\/skiathosfinecars.com\/en\/?s={search_term_string}"},"query-input":{"@type":"PropertyValueSpecification","valueRequired":true,"valueName":"search_term_string"}}],"inLanguage":"de"},{"@type":"Organization","@id":"https:\/\/skiathosfinecars.com\/en\/#organization","name":"Skiathos Fine Cars","url":"https:\/\/skiathosfinecars.com\/en\/","logo":{"@type":"ImageObject","inLanguage":"de","@id":"https:\/\/skiathosfinecars.com\/en\/#\/schema\/logo\/image\/","url":"https:\/\/skiathosfinecars.com\/wp-content\/uploads\/2022\/04\/logo.png","contentUrl":"https:\/\/skiathosfinecars.com\/wp-content\/uploads\/2022\/04\/logo.png","width":250,"height":167,"caption":"Skiathos Fine Cars"},"image":{"@id":"https:\/\/skiathosfinecars.com\/en\/#\/schema\/logo\/image\/"}}]}},"_links":{"self":[{"href":"https:\/\/skiathosfinecars.com\/de\/wp-json\/wp\/v2\/pages\/2199","targetHints":{"allow":["GET"]}}],"collection":[{"href":"https:\/\/skiathosfinecars.com\/de\/wp-json\/wp\/v2\/pages"}],"about":[{"href":"https:\/\/skiathosfinecars.com\/de\/wp-json\/wp\/v2\/types\/page"}],"author":[{"embeddable":true,"href":"https:\/\/skiathosfinecars.com\/de\/wp-json\/wp\/v2\/users\/1"}],"replies":[{"embeddable":true,"href":"https:\/\/skiathosfinecars.com\/de\/wp-json\/wp\/v2\/comments?post=2199"}],"version-history":[{"count":5,"href":"https:\/\/skiathosfinecars.com\/de\/wp-json\/wp\/v2\/pages\/2199\/revisions"}],"predecessor-version":[{"id":4520,"href":"https:\/\/skiathosfinecars.com\/de\/wp-json\/wp\/v2\/pages\/2199\/revisions\/4520"}],"wp:attachment":[{"href":"https:\/\/skiathosfinecars.com\/de\/wp-json\/wp\/v2\/media?parent=2199"}],"curies":[{"name":"wp","href":"https:\/\/api.w.org\/{rel}","templated":true}]}}