{"id":2112,"date":"2019-01-08T12:30:37","date_gmt":"2019-01-08T10:30:37","guid":{"rendered":"https:\/\/newsite.skiathosfinecars.com\/privacy-policy\/"},"modified":"2022-09-26T17:04:27","modified_gmt":"2022-09-26T14:04:27","slug":"datenschutzrichtlinie","status":"publish","type":"page","link":"https:\/\/skiathosfinecars.com\/de\/datenschutzrichtlinie\/","title":{"rendered":"DATENSCHUTZRICHTLINIE"},"content":{"rendered":"\t\t<div data-elementor-type=\"wp-post\" data-elementor-id=\"2112\" class=\"elementor elementor-2112 elementor-66\">\n\t\t\t\t\t\t<section class=\"elementor-section elementor-top-section elementor-element elementor-element-21194cf elementor-section-boxed elementor-section-height-default elementor-section-height-default\" data-id=\"21194cf\" data-element_type=\"section\">\n\t\t\t\t\t\t<div class=\"elementor-container elementor-column-gap-extended\">\n\t\t\t\t\t<div class=\"elementor-column elementor-col-100 elementor-top-column elementor-element elementor-element-55d0c01 sc_inner_width_none sc_content_align_inherit sc_layouts_column_icons_position_left\" data-id=\"55d0c01\" data-element_type=\"column\">\n\t\t\t<div class=\"elementor-widget-wrap elementor-element-populated\">\n\t\t\t\t\t\t<div class=\"elementor-element elementor-element-e1f9118 sc_fly_static elementor-widget elementor-widget-spacer\" data-id=\"e1f9118\" data-element_type=\"widget\" data-widget_type=\"spacer.default\">\n\t\t\t\t<div class=\"elementor-widget-container\">\n\t\t\t\t\t\t\t<div class=\"elementor-spacer\">\n\t\t\t<div class=\"elementor-spacer-inner\"><\/div>\n\t\t<\/div>\n\t\t\t\t\t\t<\/div>\n\t\t\t\t<\/div>\n\t\t\t\t\t<\/div>\n\t\t<\/div>\n\t\t\t\t\t<\/div>\n\t\t<\/section>\n\t\t\t\t<section class=\"elementor-section elementor-top-section elementor-element elementor-element-62a4d9b1 elementor-section-boxed elementor-section-height-default elementor-section-height-default\" data-id=\"62a4d9b1\" data-element_type=\"section\" data-settings=\"{&quot;background_background&quot;:&quot;classic&quot;}\">\n\t\t\t\t\t\t<div class=\"elementor-container elementor-column-gap-extended\">\n\t\t\t\t\t<div class=\"elementor-column elementor-col-100 elementor-top-column elementor-element elementor-element-b201eb4 sc_inner_width_none sc_content_align_inherit sc_layouts_column_icons_position_left\" data-id=\"b201eb4\" data-element_type=\"column\">\n\t\t\t<div class=\"elementor-widget-wrap elementor-element-populated\">\n\t\t\t\t\t\t<div class=\"elementor-element elementor-element-111d9fe5 sc_fly_static elementor-widget elementor-widget-spacer\" data-id=\"111d9fe5\" data-element_type=\"widget\" data-widget_type=\"spacer.default\">\n\t\t\t\t<div class=\"elementor-widget-container\">\n\t\t\t\t\t\t\t<div class=\"elementor-spacer\">\n\t\t\t<div class=\"elementor-spacer-inner\"><\/div>\n\t\t<\/div>\n\t\t\t\t\t\t<\/div>\n\t\t\t\t<\/div>\n\t\t\t\t<div class=\"elementor-element elementor-element-19543589 sc_fly_static elementor-widget elementor-widget-text-editor\" data-id=\"19543589\" data-element_type=\"widget\" data-widget_type=\"text-editor.default\">\n\t\t\t\t<div class=\"elementor-widget-container\">\n\t\t\t\t\t\t\t\t\t<h5>Wer wir sind<\/h5><p>Die Adresse der Seite lautet: <a href=\"https:\/\/www.skiathosfinecars.com\/\">https:\/\/www.skiathosfinecars.com<\/a>.<\/p>\t\t\t\t\t\t\t\t<\/div>\n\t\t\t\t<\/div>\n\t\t\t\t<div class=\"elementor-element elementor-element-610aea52 sc_fly_static elementor-widget elementor-widget-spacer\" data-id=\"610aea52\" data-element_type=\"widget\" data-widget_type=\"spacer.default\">\n\t\t\t\t<div class=\"elementor-widget-container\">\n\t\t\t\t\t\t\t<div class=\"elementor-spacer\">\n\t\t\t<div class=\"elementor-spacer-inner\"><\/div>\n\t\t<\/div>\n\t\t\t\t\t\t<\/div>\n\t\t\t\t<\/div>\n\t\t\t\t\t<\/div>\n\t\t<\/div>\n\t\t\t\t\t<\/div>\n\t\t<\/section>\n\t\t\t\t<section class=\"elementor-section elementor-top-section elementor-element elementor-element-6ad7dd4b elementor-section-boxed elementor-section-height-default elementor-section-height-default\" data-id=\"6ad7dd4b\" data-element_type=\"section\">\n\t\t\t\t\t\t<div class=\"elementor-container elementor-column-gap-extended\">\n\t\t\t\t\t<div class=\"elementor-column elementor-col-100 elementor-top-column elementor-element elementor-element-596b071f sc_inner_width_none sc_content_align_inherit sc_layouts_column_icons_position_left\" data-id=\"596b071f\" data-element_type=\"column\">\n\t\t\t<div class=\"elementor-widget-wrap elementor-element-populated\">\n\t\t\t\t\t\t<div class=\"elementor-element elementor-element-4be38 sc_fly_static elementor-widget elementor-widget-spacer\" data-id=\"4be38\" data-element_type=\"widget\" data-widget_type=\"spacer.default\">\n\t\t\t\t<div class=\"elementor-widget-container\">\n\t\t\t\t\t\t\t<div class=\"elementor-spacer\">\n\t\t\t<div class=\"elementor-spacer-inner\"><\/div>\n\t\t<\/div>\n\t\t\t\t\t\t<\/div>\n\t\t\t\t<\/div>\n\t\t\t\t\t<\/div>\n\t\t<\/div>\n\t\t\t\t\t<\/div>\n\t\t<\/section>\n\t\t\t\t<section class=\"elementor-section elementor-top-section elementor-element elementor-element-15ee7252 elementor-section-boxed elementor-section-height-default elementor-section-height-default\" data-id=\"15ee7252\" data-element_type=\"section\" data-settings=\"{&quot;background_background&quot;:&quot;classic&quot;}\">\n\t\t\t\t\t\t<div class=\"elementor-container elementor-column-gap-extended\">\n\t\t\t\t\t<div class=\"elementor-column elementor-col-100 elementor-top-column elementor-element elementor-element-362f6888 sc_inner_width_none sc_content_align_inherit sc_layouts_column_icons_position_left\" data-id=\"362f6888\" data-element_type=\"column\">\n\t\t\t<div class=\"elementor-widget-wrap elementor-element-populated\">\n\t\t\t\t\t\t<div class=\"elementor-element elementor-element-7c8ac86 sc_fly_static elementor-widget elementor-widget-spacer\" data-id=\"7c8ac86\" data-element_type=\"widget\" data-widget_type=\"spacer.default\">\n\t\t\t\t<div class=\"elementor-widget-container\">\n\t\t\t\t\t\t\t<div class=\"elementor-spacer\">\n\t\t\t<div class=\"elementor-spacer-inner\"><\/div>\n\t\t<\/div>\n\t\t\t\t\t\t<\/div>\n\t\t\t\t<\/div>\n\t\t\t\t<div class=\"elementor-element elementor-element-37ffd7d2 sc_fly_static elementor-widget elementor-widget-text-editor\" data-id=\"37ffd7d2\" data-element_type=\"widget\" data-widget_type=\"text-editor.default\">\n\t\t\t\t<div class=\"elementor-widget-container\">\n\t\t\t\t\t\t\t\t\t<h5>Welche personenbezogenen Daten werden von uns erhoben und warum<br><span style=\"font-family: Roboto, sans-serif; font-size: 1.1111em; font-style: normal; font-weight: bold; letter-spacing: -0.4px;\"><br><\/span>Cookies<\/h5>\n<p>Wenn Sie einen Kommentar auf unserer Website hinterlassen, k\u00f6nnen Sie Ihren Namen, Ihre E-Mail-Adresse und Ihre Website in Cookies speichern. Dies ist zu Ihrer eigenen Bequemlichkeit, so dass Sie Ihre Angaben nicht erneut eingeben m\u00fcssen, wenn Sie einen weiteren Kommentar hinterlassen. Diese Cookies halten ein Jahr. Wenn Sie \u00fcber ein Konto verf\u00fcgen und sich auf der Website anmelden, erstellen wir einen Entwurfs-Cookie, um festzustellen, ob der Browser Cookies akzeptiert. Das Cookie enth\u00e4lt keine pers\u00f6nlichen Informationen und wird gel\u00f6scht, wenn Sie Ihren Browser schlie\u00dfen. Wenn Sie sich anmelden, werden wir auch mehrere Cookies erstellen, um Ihre Anmeldeinformationen und Bildschirmoptionen zu speichern.<\/p>\n<p>Eintritts-Cookies sind zwei Tage g\u00fcltig und die Anzeige-Cookies halten ein Jahr. Wenn Sie \u201eRemember me\u201c w\u00e4hlen, bleibt Ihre Verbindung zwei Wochen lang erhalten. Wenn Sie sich von Ihrem Konto abmelden, werden die Login-Cookies entfernt. Wenn Sie einen Artikel bearbeiten oder ver\u00f6ffentlichen, wird ein zus\u00e4tzlicher Cookie in Ihrem Browser gespeichert. Dieses Cookie enth\u00e4lt keine pers\u00f6nlichen Informationen und gibt lediglich die Beitrags-ID des gerade bearbeiteten Artikels an. L\u00e4uft nach 1 Tag aus.<br><\/p>\n<h6>Eingebettete Inhalte von anderen Websites<\/h6>\n<p>Artikel auf dieser Seite k\u00f6nnen enthalten eingebettete Inhalte (zB Videos, Bilder, Artikel, etc.). Der eingebettete Inhalte von anderen Websites verh\u00e4lt sich genau so, als ob der Besucher eine andere Website besucht.Diese Websites k\u00f6nnen Daten sammeln f\u00fcr Sie, Cookies verwenden, integrieren zus\u00e4tzliche Drittanbieter-Tracking und verfolgen Sie Ihre Interaktion mit ihm, die Inhalte enthalten, einschlie\u00dflich Ihrer Interaktion Erkennung mit den enthaltenen Inhalte, wenn Sie ein Konto haben und auf dieser Website angemeldet.<\/p>\n<h6>Wie lange pflegen wir Ihre Daten<\/h6>\n<p>Wenn Sie einen Kommentar hinterlassen, bleiben Kommentar und Metadaten unbegrenzt erhalten. Auf diese Weise k\u00f6nnen wir die folgenden Kommentare automatisch erkennen und genehmigen, anstatt sie in eine Warteschlange zu stellen.F\u00fcr Benutzer, die sich auf unserer Website anmelden, speichern wir auch die pers\u00f6nlichen Daten, die sie in ihrem Benutzerprofil eingeben. Alle Benutzer k\u00f6nnen ihre pers\u00f6nlichen Daten jederzeit anzeigen, bearbeiten oder l\u00f6schen (au\u00dfer, ihren Benutzernamen \u00e4ndern zu k\u00f6nnen). Administratoren dieser Website k\u00f6nnen diese Informationen auch anzeigen und verarbeiten.<br><\/p>\n<h6>Welche Rechte haben Sie an Ihren Daten<br><br><font color=\"#8e8997\"><span style=\"font-size: 18px; letter-spacing: -0.18px;\">Wenn Sie ein Konto auf dieser Website haben oder Kommentare hinterlassen haben, k\u00f6nnen Sie um einen Exportdatensatz mit pers\u00f6nlichen Daten bitten, die wir f\u00fcr Sie haben, einschlie\u00dflich der Daten, die Sie uns zur Verf\u00fcgung gestellt haben. M\u00f6glicherweise werden Sie auch aufgefordert, die pers\u00f6nlichen Daten zu l\u00f6schen, die wir f\u00fcr Sie speichern. Dies beinhaltet keine Daten, die wir aus administrativen, rechtlichen oder Sicherheitsgr\u00fcnden aufbewahren m\u00fcssen.<\/span><\/font><br><\/h6>\n<h6>Wohin werden Ihre Daten gesendet<br><br><font color=\"#8e8997\"><span style=\"font-size: 18px; letter-spacing: -0.18px;\">Besucherkommentare k\u00f6nnen durch ein automatisiertes Junk-Mail-System gesteuert werden.<\/span><\/font><\/h6>\t\t\t\t\t\t\t\t<\/div>\n\t\t\t\t<\/div>\n\t\t\t\t<div class=\"elementor-element elementor-element-59cebfc7 sc_fly_static elementor-widget elementor-widget-spacer\" data-id=\"59cebfc7\" data-element_type=\"widget\" data-widget_type=\"spacer.default\">\n\t\t\t\t<div class=\"elementor-widget-container\">\n\t\t\t\t\t\t\t<div class=\"elementor-spacer\">\n\t\t\t<div class=\"elementor-spacer-inner\"><\/div>\n\t\t<\/div>\n\t\t\t\t\t\t<\/div>\n\t\t\t\t<\/div>\n\t\t\t\t\t<\/div>\n\t\t<\/div>\n\t\t\t\t\t<\/div>\n\t\t<\/section>\n\t\t\t\t<section class=\"elementor-section elementor-top-section elementor-element elementor-element-d823fac elementor-section-boxed elementor-section-height-default elementor-section-height-default\" data-id=\"d823fac\" data-element_type=\"section\">\n\t\t\t\t\t\t<div class=\"elementor-container elementor-column-gap-extended\">\n\t\t\t\t\t<div class=\"elementor-column elementor-col-100 elementor-top-column elementor-element elementor-element-3ad3a80 sc_inner_width_none sc_content_align_inherit sc_layouts_column_icons_position_left\" data-id=\"3ad3a80\" data-element_type=\"column\">\n\t\t\t<div class=\"elementor-widget-wrap elementor-element-populated\">\n\t\t\t\t\t\t<div class=\"elementor-element elementor-element-d711cb1 sc_fly_static elementor-widget elementor-widget-spacer\" data-id=\"d711cb1\" data-element_type=\"widget\" data-widget_type=\"spacer.default\">\n\t\t\t\t<div class=\"elementor-widget-container\">\n\t\t\t\t\t\t\t<div class=\"elementor-spacer\">\n\t\t\t<div class=\"elementor-spacer-inner\"><\/div>\n\t\t<\/div>\n\t\t\t\t\t\t<\/div>\n\t\t\t\t<\/div>\n\t\t\t\t\t<\/div>\n\t\t<\/div>\n\t\t\t\t\t<\/div>\n\t\t<\/section>\n\t\t\t\t<\/div>\n\t\t","protected":false},"excerpt":{"rendered":"<p>Wer wir sind Die Adresse der Seite lautet: https:\/\/www.skiathosfinecars.com. Welche personenbezogenen Daten werden von uns erhoben und warum Cookies Wenn Sie einen Kommentar auf unserer Website hinterlassen, k\u00f6nnen Sie Ihren Namen, Ihre&hellip;<\/p>\n","protected":false},"author":1,"featured_media":0,"parent":0,"menu_order":0,"comment_status":"closed","ping_status":"closed","template":"","meta":{"_monsterinsights_skip_tracking":false,"_monsterinsights_sitenote_active":false,"_monsterinsights_sitenote_note":"","_monsterinsights_sitenote_category":0,"footnotes":""},"class_list":["post-2112","page","type-page","status-publish","hentry"],"yoast_head":"<!-- This site is optimized with the Yoast SEO plugin v25.9 - https:\/\/yoast.com\/wordpress\/plugins\/seo\/ -->\n<title>DATENSCHUTZRICHTLINIE - Skiathos Fine Cars<\/title>\n<meta name=\"robots\" content=\"index, follow, max-snippet:-1, max-image-preview:large, max-video-preview:-1\" \/>\n<link rel=\"canonical\" href=\"https:\/\/skiathosfinecars.com\/de\/datenschutzrichtlinie\/\" \/>\n<meta property=\"og:locale\" content=\"de_DE\" \/>\n<meta property=\"og:type\" content=\"article\" \/>\n<meta property=\"og:title\" content=\"DATENSCHUTZRICHTLINIE - Skiathos Fine Cars\" \/>\n<meta property=\"og:description\" content=\"Wer wir sind Die Adresse der Seite lautet: https:\/\/www.skiathosfinecars.com. Welche personenbezogenen Daten werden von uns erhoben und warum Cookies Wenn Sie einen Kommentar auf unserer Website hinterlassen, k\u00f6nnen Sie Ihren Namen, Ihre&hellip;\" \/>\n<meta property=\"og:url\" content=\"https:\/\/skiathosfinecars.com\/de\/datenschutzrichtlinie\/\" \/>\n<meta property=\"og:site_name\" content=\"Skiathos Fine Cars\" \/>\n<meta property=\"article:modified_time\" content=\"2022-09-26T14:04:27+00:00\" \/>\n<meta name=\"twitter:card\" content=\"summary_large_image\" \/>\n<meta name=\"twitter:label1\" content=\"Gesch\u00e4tzte Lesezeit\" \/>\n\t<meta name=\"twitter:data1\" content=\"2\u00a0Minuten\" \/>\n<script type=\"application\/ld+json\" class=\"yoast-schema-graph\">{\"@context\":\"https:\/\/schema.org\",\"@graph\":[{\"@type\":\"WebPage\",\"@id\":\"https:\/\/skiathosfinecars.com\/de\/datenschutzrichtlinie\/\",\"url\":\"https:\/\/skiathosfinecars.com\/de\/datenschutzrichtlinie\/\",\"name\":\"DATENSCHUTZRICHTLINIE - Skiathos Fine Cars\",\"isPartOf\":{\"@id\":\"https:\/\/skiathosfinecars.com\/en\/#website\"},\"datePublished\":\"2019-01-08T10:30:37+00:00\",\"dateModified\":\"2022-09-26T14:04:27+00:00\",\"breadcrumb\":{\"@id\":\"https:\/\/skiathosfinecars.com\/de\/datenschutzrichtlinie\/#breadcrumb\"},\"inLanguage\":\"de\",\"potentialAction\":[{\"@type\":\"ReadAction\",\"target\":[\"https:\/\/skiathosfinecars.com\/de\/datenschutzrichtlinie\/\"]}]},{\"@type\":\"BreadcrumbList\",\"@id\":\"https:\/\/skiathosfinecars.com\/de\/datenschutzrichtlinie\/#breadcrumb\",\"itemListElement\":[{\"@type\":\"ListItem\",\"position\":1,\"name\":\"\u0391\u03c1\u03c7\u03b9\u03ba\u03ae\",\"item\":\"https:\/\/skiathosfinecars.com\/\"},{\"@type\":\"ListItem\",\"position\":2,\"name\":\"DATENSCHUTZRICHTLINIE\"}]},{\"@type\":\"WebSite\",\"@id\":\"https:\/\/skiathosfinecars.com\/en\/#website\",\"url\":\"https:\/\/skiathosfinecars.com\/en\/\",\"name\":\"Skiathos Fine Cars\",\"description\":\"Rent a car\",\"publisher\":{\"@id\":\"https:\/\/skiathosfinecars.com\/en\/#organization\"},\"potentialAction\":[{\"@type\":\"SearchAction\",\"target\":{\"@type\":\"EntryPoint\",\"urlTemplate\":\"https:\/\/skiathosfinecars.com\/en\/?s={search_term_string}\"},\"query-input\":{\"@type\":\"PropertyValueSpecification\",\"valueRequired\":true,\"valueName\":\"search_term_string\"}}],\"inLanguage\":\"de\"},{\"@type\":\"Organization\",\"@id\":\"https:\/\/skiathosfinecars.com\/en\/#organization\",\"name\":\"Skiathos Fine Cars\",\"url\":\"https:\/\/skiathosfinecars.com\/en\/\",\"logo\":{\"@type\":\"ImageObject\",\"inLanguage\":\"de\",\"@id\":\"https:\/\/skiathosfinecars.com\/en\/#\/schema\/logo\/image\/\",\"url\":\"https:\/\/skiathosfinecars.com\/wp-content\/uploads\/2022\/04\/logo.png\",\"contentUrl\":\"https:\/\/skiathosfinecars.com\/wp-content\/uploads\/2022\/04\/logo.png\",\"width\":250,\"height\":167,\"caption\":\"Skiathos Fine Cars\"},\"image\":{\"@id\":\"https:\/\/skiathosfinecars.com\/en\/#\/schema\/logo\/image\/\"}}]}<\/script>\n<!-- \/ Yoast SEO plugin. -->","yoast_head_json":{"title":"DATENSCHUTZRICHTLINIE - Skiathos Fine Cars","robots":{"index":"index","follow":"follow","max-snippet":"max-snippet:-1","max-image-preview":"max-image-preview:large","max-video-preview":"max-video-preview:-1"},"canonical":"https:\/\/skiathosfinecars.com\/de\/datenschutzrichtlinie\/","og_locale":"de_DE","og_type":"article","og_title":"DATENSCHUTZRICHTLINIE - Skiathos Fine Cars","og_description":"Wer wir sind Die Adresse der Seite lautet: https:\/\/www.skiathosfinecars.com. Welche personenbezogenen Daten werden von uns erhoben und warum Cookies Wenn Sie einen Kommentar auf unserer Website hinterlassen, k\u00f6nnen Sie Ihren Namen, Ihre&hellip;","og_url":"https:\/\/skiathosfinecars.com\/de\/datenschutzrichtlinie\/","og_site_name":"Skiathos Fine Cars","article_modified_time":"2022-09-26T14:04:27+00:00","twitter_card":"summary_large_image","twitter_misc":{"Gesch\u00e4tzte Lesezeit":"2\u00a0Minuten"},"schema":{"@context":"https:\/\/schema.org","@graph":[{"@type":"WebPage","@id":"https:\/\/skiathosfinecars.com\/de\/datenschutzrichtlinie\/","url":"https:\/\/skiathosfinecars.com\/de\/datenschutzrichtlinie\/","name":"DATENSCHUTZRICHTLINIE - Skiathos Fine Cars","isPartOf":{"@id":"https:\/\/skiathosfinecars.com\/en\/#website"},"datePublished":"2019-01-08T10:30:37+00:00","dateModified":"2022-09-26T14:04:27+00:00","breadcrumb":{"@id":"https:\/\/skiathosfinecars.com\/de\/datenschutzrichtlinie\/#breadcrumb"},"inLanguage":"de","potentialAction":[{"@type":"ReadAction","target":["https:\/\/skiathosfinecars.com\/de\/datenschutzrichtlinie\/"]}]},{"@type":"BreadcrumbList","@id":"https:\/\/skiathosfinecars.com\/de\/datenschutzrichtlinie\/#breadcrumb","itemListElement":[{"@type":"ListItem","position":1,"name":"\u0391\u03c1\u03c7\u03b9\u03ba\u03ae","item":"https:\/\/skiathosfinecars.com\/"},{"@type":"ListItem","position":2,"name":"DATENSCHUTZRICHTLINIE"}]},{"@type":"WebSite","@id":"https:\/\/skiathosfinecars.com\/en\/#website","url":"https:\/\/skiathosfinecars.com\/en\/","name":"Skiathos Fine Cars","description":"Rent a car","publisher":{"@id":"https:\/\/skiathosfinecars.com\/en\/#organization"},"potentialAction":[{"@type":"SearchAction","target":{"@type":"EntryPoint","urlTemplate":"https:\/\/skiathosfinecars.com\/en\/?s={search_term_string}"},"query-input":{"@type":"PropertyValueSpecification","valueRequired":true,"valueName":"search_term_string"}}],"inLanguage":"de"},{"@type":"Organization","@id":"https:\/\/skiathosfinecars.com\/en\/#organization","name":"Skiathos Fine Cars","url":"https:\/\/skiathosfinecars.com\/en\/","logo":{"@type":"ImageObject","inLanguage":"de","@id":"https:\/\/skiathosfinecars.com\/en\/#\/schema\/logo\/image\/","url":"https:\/\/skiathosfinecars.com\/wp-content\/uploads\/2022\/04\/logo.png","contentUrl":"https:\/\/skiathosfinecars.com\/wp-content\/uploads\/2022\/04\/logo.png","width":250,"height":167,"caption":"Skiathos Fine Cars"},"image":{"@id":"https:\/\/skiathosfinecars.com\/en\/#\/schema\/logo\/image\/"}}]}},"_links":{"self":[{"href":"https:\/\/skiathosfinecars.com\/de\/wp-json\/wp\/v2\/pages\/2112","targetHints":{"allow":["GET"]}}],"collection":[{"href":"https:\/\/skiathosfinecars.com\/de\/wp-json\/wp\/v2\/pages"}],"about":[{"href":"https:\/\/skiathosfinecars.com\/de\/wp-json\/wp\/v2\/types\/page"}],"author":[{"embeddable":true,"href":"https:\/\/skiathosfinecars.com\/de\/wp-json\/wp\/v2\/users\/1"}],"replies":[{"embeddable":true,"href":"https:\/\/skiathosfinecars.com\/de\/wp-json\/wp\/v2\/comments?post=2112"}],"version-history":[{"count":7,"href":"https:\/\/skiathosfinecars.com\/de\/wp-json\/wp\/v2\/pages\/2112\/revisions"}],"predecessor-version":[{"id":4518,"href":"https:\/\/skiathosfinecars.com\/de\/wp-json\/wp\/v2\/pages\/2112\/revisions\/4518"}],"wp:attachment":[{"href":"https:\/\/skiathosfinecars.com\/de\/wp-json\/wp\/v2\/media?parent=2112"}],"curies":[{"name":"wp","href":"https:\/\/api.w.org\/{rel}","templated":true}]}}